{"id":219,"date":"2021-08-05T09:23:48","date_gmt":"2021-08-05T07:23:48","guid":{"rendered":"http:\/\/salondulivrejeunessevaldedrome.ovh\/?page_id=219"},"modified":"2024-06-12T07:52:14","modified_gmt":"2024-06-12T05:52:14","slug":"ecoles-auteurs","status":"publish","type":"page","link":"https:\/\/salondulivrejeunessevaldedrome.ovh\/index.php\/ecoles-auteurs\/","title":{"rendered":"Ecoles, Coll\u00e8ges, Lyc\u00e9es"},"content":{"rendered":"\n<p>Vous \u00eates enseignant en \u00e9cole maternelle ou \u00e9l\u00e9mentaire, en coll\u00e8ge ou en lyc\u00e9e : RENCONTREZ UN AUTEUR AVEC VOTRE CLASSE&nbsp;!<\/p>\n\n\n\n<p>La perspective de rencontrer un auteur permet de fortement motiver les \u00e9l\u00e8ves \u00e0 d\u00e9couvrir son univers, \u00e0 lire ses ouvrages, les \u00e9tudier et de ce fait favorise grandement le lien qu&#8217;ils entretiennent avec le livre.<\/p>\n\n\n\n<p>Le salon est l\u2019occasion de faire venir dans la vall\u00e9e des auteurs et des illustrateurs renomm\u00e9s&nbsp;!<\/p>\n\n\n\n<p>Nous vous proposons d&#8217;organiser ensemble la venue d&#8217;un auteur dans vos classes en fonction de l\u2019\u00e2ge de vos \u00e9l\u00e8ves et de vos envies.<\/p>\n\n\n\n<p>Certains auteurs\/illustrateurs proposent de simples rencontres qui peuvent ne durer qu&#8217;une heure\u00a0; d&#8217;autres, des ateliers pour lesquels il faut compter un peu plus de temps, l&#8217;id\u00e9al \u00e9tant la demi-journ\u00e9e.<\/p>\n\n\n\n<p>Clique ici pour acceder aux pr\u00e9sentations des auteurs 2024<\/p>\n\n\n\n<p>La Charte des auteurs indique leur r\u00e9mun\u00e9ration :<\/p>\n\n\n\n<ul><li><strong>Les recommandations tarifaires des rencontres sont :<\/strong> <strong>499,57 \u20ac bruts HT<\/strong> la journ\u00e9e et <strong>301,38 \u20ac <\/strong>la demi-journ\u00e9e.<\/li><\/ul>\n\n\n\n<p>Un auteur peut effectuer jusqu&#8217;\u00e0 3 interventions dans la journ\u00e9e (format rencontre) ou 2 (format ateliers) ce qui diminue le co\u00fbt par classe, d&#8217;o\u00f9 l\u2019int\u00e9r\u00eat de se regrouper sur plusieurs \u00e9coles par exemple. De plus, si nous organisons sa venue sur une date proche du salon, l&#8217;association qui organise le salon peut se charger de toute la logistique&nbsp;: frais de d\u00e9placements, d&#8217;h\u00e9bergement&#8230;<\/p>\n\n\n\n<p>Si vous \u00eates int\u00e9ress\u00e9s et pour tout autre renseignement, n&#8217;h\u00e9sitez pas \u00e0 nous contacter.<\/p>\n\n\n\n<p>Association la Culture d\u00e9livre<\/p>\n\n\n\n<p>06 82 15 92 74<\/p>\n\n\n\n<p>laculturedelivre@gmail.com<\/p>\n\n\n\n<p><\/p>\n\n\n\n<p><span class=\"has-inline-color has-accent-color\"><strong>Vous \u00eates un auteur local, vous souhaiter candidater pour participer au salon, contactez nous !<\/strong><\/span><\/p>\n\n\n\n<figure class=\"wp-block-image size-large is-style-rounded\"><img loading=\"lazy\" width=\"745\" height=\"558\" src=\"http:\/\/salondulivrejeunessevaldedrome.ovh\/wp-content\/uploads\/2021\/08\/DSCN2676-edited.jpg\" alt=\"\" class=\"wp-image-225\" srcset=\"https:\/\/salondulivrejeunessevaldedrome.ovh\/wp-content\/uploads\/2021\/08\/DSCN2676-edited.jpg 745w, https:\/\/salondulivrejeunessevaldedrome.ovh\/wp-content\/uploads\/2021\/08\/DSCN2676-edited-300x225.jpg 300w\" sizes=\"(max-width: 745px) 100vw, 745px\" \/><figcaption>Travail d&#8217;un \u00e9l\u00e8ve de CM suite \u00e0 une rencontre avec St\u00e9phanie Augusseau \u00e0 partir de l&#8217;album &#8220;Z\u00e9lie&#8221; la petite mamie qui s\u00e8me de la couleur et de la joie.<\/figcaption><\/figure>\n\n\n\n<figure class=\"wp-block-image size-large\"><img loading=\"lazy\" width=\"474\" height=\"474\" src=\"http:\/\/salondulivrejeunessevaldedrome.ovh\/wp-content\/uploads\/2023\/01\/zelie-couverture.jpeg\" alt=\"\" class=\"wp-image-500\" srcset=\"https:\/\/salondulivrejeunessevaldedrome.ovh\/wp-content\/uploads\/2023\/01\/zelie-couverture.jpeg 474w, https:\/\/salondulivrejeunessevaldedrome.ovh\/wp-content\/uploads\/2023\/01\/zelie-couverture-300x300.jpeg 300w, https:\/\/salondulivrejeunessevaldedrome.ovh\/wp-content\/uploads\/2023\/01\/zelie-couverture-150x150.jpeg 150w\" sizes=\"(max-width: 474px) 100vw, 474px\" \/><figcaption>SONY DSC<\/figcaption><\/figure>\n","protected":false},"excerpt":{"rendered":"<p>Vous \u00eates enseignant en \u00e9cole maternelle ou \u00e9l\u00e9mentaire, en coll\u00e8ge ou en lyc\u00e9e : RENCONTREZ UN AUTEUR AVEC VOTRE CLASSE&nbsp;! La perspective de rencontrer un auteur permet de fortement motiver les \u00e9l\u00e8ves \u00e0 d\u00e9couvrir son univers, \u00e0 lire ses ouvrages, les \u00e9tudier et de ce fait favorise grandement le lien qu&#8217;ils entretiennent avec le livre. [&hellip;]<\/p>\n","protected":false},"author":1,"featured_media":0,"parent":0,"menu_order":0,"comment_status":"closed","ping_status":"closed","template":"","meta":[],"_links":{"self":[{"href":"https:\/\/salondulivrejeunessevaldedrome.ovh\/index.php\/wp-json\/wp\/v2\/pages\/219"}],"collection":[{"href":"https:\/\/salondulivrejeunessevaldedrome.ovh\/index.php\/wp-json\/wp\/v2\/pages"}],"about":[{"href":"https:\/\/salondulivrejeunessevaldedrome.ovh\/index.php\/wp-json\/wp\/v2\/types\/page"}],"author":[{"embeddable":true,"href":"https:\/\/salondulivrejeunessevaldedrome.ovh\/index.php\/wp-json\/wp\/v2\/users\/1"}],"replies":[{"embeddable":true,"href":"https:\/\/salondulivrejeunessevaldedrome.ovh\/index.php\/wp-json\/wp\/v2\/comments?post=219"}],"version-history":[{"count":11,"href":"https:\/\/salondulivrejeunessevaldedrome.ovh\/index.php\/wp-json\/wp\/v2\/pages\/219\/revisions"}],"predecessor-version":[{"id":701,"href":"https:\/\/salondulivrejeunessevaldedrome.ovh\/index.php\/wp-json\/wp\/v2\/pages\/219\/revisions\/701"}],"wp:attachment":[{"href":"https:\/\/salondulivrejeunessevaldedrome.ovh\/index.php\/wp-json\/wp\/v2\/media?parent=219"}],"curies":[{"name":"wp","href":"https:\/\/api.w.org\/{rel}","templated":true}]}}